{"id":194,"date":"2025-08-09T16:09:34","date_gmt":"2025-08-09T16:09:34","guid":{"rendered":"https:\/\/st-donatus-bruderschaft.de\/?page_id=194"},"modified":"2025-08-09T16:09:34","modified_gmt":"2025-08-09T16:09:34","slug":"schuetzenkoenige-seit-1749","status":"publish","type":"page","link":"https:\/\/st-donatus-bruderschaft.de\/index.php\/schuetzenkoenige-seit-1749\/","title":{"rendered":"Sch\u00fctzenk\u00f6nige seit 1749"},"content":{"rendered":"\n<figure class=\"wp-block-table\"><table><tbody><tr><td>1749<\/td><td>Arreth Stoltzenbergs<\/td><\/tr><tr><td>1763<\/td><td>Johann Mees<\/td><\/tr><tr><td>1766<\/td><td>Michael F\u00fcl\u00df<\/td><\/tr><tr><td>1774<\/td><td>Arnoldus Reimes<\/td><\/tr><tr><td>1777<\/td><td>Arnoldus Reimes<\/td><\/tr><tr><td>1829<\/td><td>Conrad Schotes<\/td><\/tr><tr><td>1841<\/td><td>Mathias Look<\/td><\/tr><tr><td>1879<\/td><td>Gerhard Molls, Minister: Matthias H. Adrians, Johann B\u00fcschler<\/td><\/tr><tr><td>1922<\/td><td>Carl Heesen, Minister Gerhard Verdyck<\/td><\/tr><tr><td>1925<\/td><td>Heinrich Busch<\/td><\/tr><tr><td>1928<\/td><td>Wilhelm Th\u00f6nissen, Minister: Jakob Sips und Anton Krienen<\/td><\/tr><tr><td>1934<\/td><td>Arnold Eulenpesch, Minister: Heinr. Toransberg und Paul Rongelraths<\/td><\/tr><tr><td>1937<\/td><td>Heinrich Eulenpesch, Minister: Ferdinand Br\u00fces und Arnold Eulenpesch<\/td><\/tr><tr><td>1939<\/td><td>Heinz Th\u00f6nissen (ohne Aufzug)<\/td><\/tr><tr><td>1949<\/td><td>Matthias Mees, Minister: Karl Heesen und Edmund Schmitter<\/td><\/tr><tr><td>1951<\/td><td>Edmund Schmitter, (Tagesk\u00f6nig) Minister: Matthias Mees und Carl Heesen<\/td><\/tr><tr><td>1952<\/td><td>Heinz Bahnen (Tagesk\u00f6nig)<\/td><\/tr><tr><td>1958<\/td><td>Albert Eulenpesch, Minister: Josef Ix und Willi Siemes<\/td><\/tr><tr><td>1962<\/td><td>Peter Terhaag, Minister: Hans Tappeser und Hans Nellessen<\/td><\/tr><tr><td>1964<\/td><td>Interimsk\u00f6nig: Hans Tappeser, Minister: Robert Steinfals und Hans Nellessen<\/td><\/tr><tr><td>1966<\/td><td>Willi Bongartz, Minister: Willi Siemes und Ferdinand Br\u00fces<\/td><\/tr><tr><td>1970<\/td><td>Josef Wilmen, Minister: Hans Tappeser und Wolfh. van Monforth<\/td><\/tr><tr><td>1974<\/td><td>Walter Boldt, Minister: Heinz Bahnen und Heinz-Leo Kremers<\/td><\/tr><tr><td>1978<\/td><td>Walter Binsfeld, Minister: Alex Heyer und Werner H\u00f6hl<\/td><\/tr><tr><td>1982<\/td><td>Helmut Spee, Minister: Josef Wilmen und Matthias Siemes<\/td><\/tr><tr><td>1986<\/td><td>Hermann-Josef Heyer, Minister: Wolfgang Bierbaums und Heinz Schinken<\/td><\/tr><tr><td>1990<\/td><td>Alex Heyer, Minister: G\u00fcnter Gorissen und Heinz- Josef Mees<\/td><\/tr><tr><td>1994<\/td><td>Roland Boldt, Minister: Walter Boldt und Theo Smets<\/td><\/tr><tr><td>1998<\/td><td>Heribert Vieten, Minister: Heinz- Peter Kirsch und Heinz Schneider<\/td><\/tr><tr><td>2002<\/td><td>Wolfgang Bierbaums, Minister: Hermann- Josef Heyer und Karl- Heinz Hommes<\/td><\/tr><tr><td>2006<\/td><td>G\u00fcnter Gori\u00dfen, Minister: Heinz Schinken und Heinz-Josef Mees<\/td><\/tr><tr><td>2010<\/td><td>Ingrid Cox, Ministerinnen: Erika Iffl\u00e4nder, Marie-Luise Pohl-Vieten<\/td><\/tr><tr><td>2014<\/td><td>Horst Vieten, Minister: J\u00fcrgen Bex, Thomas Wollmer<\/td><\/tr><tr><td>2018<\/td><td>Frank Hahn, Minister: Klaus Heussen, Bernd von der Bank<\/td><\/tr><tr><td colspan=\"2\">&nbsp;Sch\u00fctzenk\u00f6nige in der Zeit zwischen 1840 und 1890 ohne Jahreszuordnung:<br>Mathias Laack, Gottfried Schmitz, Josef D\u00fcster, J. Molls, August Mees<\/td><\/tr><\/tbody><\/table><\/figure>\n","protected":false},"excerpt":{"rendered":"<p>1749 Arreth Stoltzenbergs 1763 Johann Mees 1766 Michael F\u00fcl\u00df 1774 Arnoldus Reimes 1777 Arnoldus Reimes 1829 Conrad Schotes 1841 Mathias[&#8230;]<\/p>\n","protected":false},"author":2,"featured_media":0,"parent":0,"menu_order":19,"comment_status":"closed","ping_status":"closed","template":"","meta":{"footnotes":""},"class_list":["post-194","page","type-page","status-publish","hentry"],"_links":{"self":[{"href":"https:\/\/st-donatus-bruderschaft.de\/index.php\/wp-json\/wp\/v2\/pages\/194","targetHints":{"allow":["GET"]}}],"collection":[{"href":"https:\/\/st-donatus-bruderschaft.de\/index.php\/wp-json\/wp\/v2\/pages"}],"about":[{"href":"https:\/\/st-donatus-bruderschaft.de\/index.php\/wp-json\/wp\/v2\/types\/page"}],"author":[{"embeddable":true,"href":"https:\/\/st-donatus-bruderschaft.de\/index.php\/wp-json\/wp\/v2\/users\/2"}],"replies":[{"embeddable":true,"href":"https:\/\/st-donatus-bruderschaft.de\/index.php\/wp-json\/wp\/v2\/comments?post=194"}],"version-history":[{"count":1,"href":"https:\/\/st-donatus-bruderschaft.de\/index.php\/wp-json\/wp\/v2\/pages\/194\/revisions"}],"predecessor-version":[{"id":195,"href":"https:\/\/st-donatus-bruderschaft.de\/index.php\/wp-json\/wp\/v2\/pages\/194\/revisions\/195"}],"wp:attachment":[{"href":"https:\/\/st-donatus-bruderschaft.de\/index.php\/wp-json\/wp\/v2\/media?parent=194"}],"curies":[{"name":"wp","href":"https:\/\/api.w.org\/{rel}","templated":true}]}}