{"id":161,"date":"2025-08-09T15:30:03","date_gmt":"2025-08-09T15:30:03","guid":{"rendered":"https:\/\/st-donatus-bruderschaft.de\/?page_id=161"},"modified":"2025-08-09T15:30:03","modified_gmt":"2025-08-09T15:30:03","slug":"verwendete-quellen","status":"publish","type":"page","link":"https:\/\/st-donatus-bruderschaft.de\/index.php\/verwendete-quellen\/","title":{"rendered":"Verwendete Quellen"},"content":{"rendered":"\n<ul class=\"wp-block-list\">\n<li>Chronik der Stadt D\u00fclken, Doergens<\/li>\n\n\n\n<li>Beitr\u00e4ge zur Geschichte der Stadt D\u00fclken und Umgebung, W. W\u00fcsten<\/li>\n\n\n\n<li>Aus dem alten D\u00fclken, Dohr<\/li>\n\n\n\n<li>Archiv der St. Donatus Bruderschaft<\/li>\n\n\n\n<li>Archiv Bund der historischen Sch\u00fctzenbruderschaften<\/li>\n\n\n\n<li>Sammlung Festschriften, Giesen<\/li>\n\n\n\n<li>Bilder Mitglieder<\/li>\n<\/ul>\n","protected":false},"excerpt":{"rendered":"","protected":false},"author":2,"featured_media":0,"parent":0,"menu_order":25,"comment_status":"closed","ping_status":"closed","template":"","meta":{"footnotes":""},"class_list":["post-161","page","type-page","status-publish","hentry"],"_links":{"self":[{"href":"https:\/\/st-donatus-bruderschaft.de\/index.php\/wp-json\/wp\/v2\/pages\/161","targetHints":{"allow":["GET"]}}],"collection":[{"href":"https:\/\/st-donatus-bruderschaft.de\/index.php\/wp-json\/wp\/v2\/pages"}],"about":[{"href":"https:\/\/st-donatus-bruderschaft.de\/index.php\/wp-json\/wp\/v2\/types\/page"}],"author":[{"embeddable":true,"href":"https:\/\/st-donatus-bruderschaft.de\/index.php\/wp-json\/wp\/v2\/users\/2"}],"replies":[{"embeddable":true,"href":"https:\/\/st-donatus-bruderschaft.de\/index.php\/wp-json\/wp\/v2\/comments?post=161"}],"version-history":[{"count":1,"href":"https:\/\/st-donatus-bruderschaft.de\/index.php\/wp-json\/wp\/v2\/pages\/161\/revisions"}],"predecessor-version":[{"id":162,"href":"https:\/\/st-donatus-bruderschaft.de\/index.php\/wp-json\/wp\/v2\/pages\/161\/revisions\/162"}],"wp:attachment":[{"href":"https:\/\/st-donatus-bruderschaft.de\/index.php\/wp-json\/wp\/v2\/media?parent=161"}],"curies":[{"name":"wp","href":"https:\/\/api.w.org\/{rel}","templated":true}]}}