{"id":153,"date":"2025-08-09T15:25:48","date_gmt":"2025-08-09T15:25:48","guid":{"rendered":"https:\/\/st-donatus-bruderschaft.de\/?page_id=153"},"modified":"2025-08-09T15:25:48","modified_gmt":"2025-08-09T15:25:48","slug":"blasmusik-aus-bayern","status":"publish","type":"page","link":"https:\/\/st-donatus-bruderschaft.de\/index.php\/blasmusik-aus-bayern\/","title":{"rendered":"Blasmusik aus Bayern"},"content":{"rendered":"\n<p>Mit Einf\u00fchrung der eigenen Bewirtung kam zumindestens f\u00fcr die Bruderschaft eine gewisse finanzielle Entlastung, eine absolute Steigerung in der Attraktivit\u00e4t ihres Sch\u00fctzenfestes erreichte die Bruderschaft mit der 1978 erfolgten Verpflichtung der W\u00fclfersh\u00e4user Musikanten , einer Blaskapelle von der Rh\u00f6n. Diese Freunde der Donatus Bruderschaft versch\u00f6nen seitdem jedes Sch\u00fctzenfest, so das fast immer ein volles Zelt zu verzeichnen ist.<\/p>\n","protected":false},"excerpt":{"rendered":"<p>Mit Einf\u00fchrung der eigenen Bewirtung kam zumindestens f\u00fcr die Bruderschaft eine gewisse finanzielle Entlastung, eine absolute Steigerung in der Attraktivit\u00e4t[&#8230;]<\/p>\n","protected":false},"author":2,"featured_media":0,"parent":0,"menu_order":28,"comment_status":"closed","ping_status":"closed","template":"","meta":{"footnotes":""},"class_list":["post-153","page","type-page","status-publish","hentry"],"_links":{"self":[{"href":"https:\/\/st-donatus-bruderschaft.de\/index.php\/wp-json\/wp\/v2\/pages\/153","targetHints":{"allow":["GET"]}}],"collection":[{"href":"https:\/\/st-donatus-bruderschaft.de\/index.php\/wp-json\/wp\/v2\/pages"}],"about":[{"href":"https:\/\/st-donatus-bruderschaft.de\/index.php\/wp-json\/wp\/v2\/types\/page"}],"author":[{"embeddable":true,"href":"https:\/\/st-donatus-bruderschaft.de\/index.php\/wp-json\/wp\/v2\/users\/2"}],"replies":[{"embeddable":true,"href":"https:\/\/st-donatus-bruderschaft.de\/index.php\/wp-json\/wp\/v2\/comments?post=153"}],"version-history":[{"count":1,"href":"https:\/\/st-donatus-bruderschaft.de\/index.php\/wp-json\/wp\/v2\/pages\/153\/revisions"}],"predecessor-version":[{"id":154,"href":"https:\/\/st-donatus-bruderschaft.de\/index.php\/wp-json\/wp\/v2\/pages\/153\/revisions\/154"}],"wp:attachment":[{"href":"https:\/\/st-donatus-bruderschaft.de\/index.php\/wp-json\/wp\/v2\/media?parent=153"}],"curies":[{"name":"wp","href":"https:\/\/api.w.org\/{rel}","templated":true}]}}